{"id":1695,"date":"2024-10-02T17:10:07","date_gmt":"2024-10-02T17:10:07","guid":{"rendered":"https:\/\/lopesf.cleit0n.opalstacked.com\/?page_id=1695"},"modified":"2024-10-02T17:48:00","modified_gmt":"2024-10-02T17:48:00","slug":"contato","status":"publish","type":"page","link":"https:\/\/lopesf.cleit0n.opalstacked.com\/?page_id=1695","title":{"rendered":"Contato"},"content":{"rendered":"<div class=\"wpb-content-wrapper\"><p>[vc_row][vc_column][vc_column_text css=&#8221;&#8221;]<\/p>\n<div class=\"wpb_text_column wpb_content_element vc_custom_1655481839699\">\n<div class=\"wpb_wrapper\">\n<p>A Lopes de Faria n\u00e3o p\u00e1ra no tempo \u2013 estamos em processo de constante moderniza\u00e7\u00e3o, nos mantendo sempre a par das melhores pr\u00e1ticas do mercado para agir de forma fiel \u00e0s reais necessidades dos nossos clientes.<\/p>\n<\/div>\n<\/div>\n<div class=\"aio-icon-component vc_custom_1655480345449 dt-phone style_1\">\n<div id=\"Info-box-wrap-2440\" class=\"aio-icon-box default-icon\">\n<div class=\"aio-icon-default\">\n<div class=\"ult-just-icon-wrapper \">\n<div class=\"align-icon\">\n<div class=\"aio-icon advanced \"><\/div>\n<\/div>\n<\/div>\n<\/div>\n<\/div>\n<\/div>\n<p>[\/vc_column_text][\/vc_column][\/vc_row][vc_row][vc_column width=&#8221;2\/5&#8243;]<div class=\"aio-icon-component  vc_custom_1727891073945  dt-phone style_1\"><div id=\"Info-box-wrap-3507\" class=\"aio-icon-box default-icon\" style=\"\"  ><div class=\"aio-icon-default\"><div class=\"ult-just-icon-wrapper  \"><div class=\"align-icon\" style=\"text-align:center;\">\n<div class=\"aio-icon advanced \"  style=\"color:#08366d;border-style:solid;border-color:#08366d;border-width:3px;width:34px;height:34px;line-height:34px;border-radius:500px;font-size:20px;display:inline-block;\">\n\t<i class=\"icomoon-free-social-contact-16x16-mobile\"><\/i>\n<\/div><\/div><\/div><\/div><div class=\"aio-icon-header\" ><h3 class=\"aio-icon-title ult-responsive\"  data-ultimate-target='#Info-box-wrap-3507 .aio-icon-title'  data-responsive-json-new='{\"font-size\":\"desktop:22px;\",\"line-height\":\"desktop:22px;\"}'  style=\"font-weight:bold;color:#08366d;\">(16) 3610-9376<\/h3><\/div> <!-- header --><\/div> <!-- aio-icon-box --><\/div> <!-- aio-icon-component --><div class=\"aio-icon-component  vc_custom_1727891109627   style_1\"><div id=\"Info-box-wrap-1369\" class=\"aio-icon-box default-icon\" style=\"\"  ><div class=\"aio-icon-default\"><div class=\"ult-just-icon-wrapper  \"><div class=\"align-icon\" style=\"text-align:center;\">\n<div class=\"aio-icon advanced \"  style=\"color:#08366d;background:rgba(255,255,255,0.01);border-style:solid;border-color:#08366d;border-width:3px;width:34px;height:34px;line-height:34px;border-radius:500px;font-size:18px;display:inline-block;\">\n\t<i class=\"icomoon-free-social-contact-16x16-envelop\"><\/i>\n<\/div><\/div><\/div><\/div><div class=\"aio-icon-header\" ><h3 class=\"aio-icon-title ult-responsive\"  data-ultimate-target='#Info-box-wrap-1369 .aio-icon-title'  data-responsive-json-new='{\"font-size\":\"desktop:22px;\",\"line-height\":\"desktop:22px;\"}'  style=\"font-weight:bold;color:#08366d;\">contato@lopesefaria.com.br<\/h3><\/div> <!-- header --><\/div> <!-- aio-icon-box --><\/div> <!-- aio-icon-component --><div class=\"aio-icon-component  vc_custom_1727891127915   style_1\"><div id=\"Info-box-wrap-1026\" class=\"aio-icon-box default-icon\" style=\"\"  ><div class=\"aio-icon-default\"><div class=\"ult-just-icon-wrapper  \"><div class=\"align-icon\" style=\"text-align:center;\">\n<div class=\"aio-icon advanced \"  style=\"color:#08366d;background:rgba(255,255,255,0.01);border-style:solid;border-color:#08366d;border-width:3px;width:34px;height:34px;line-height:34px;border-radius:500px;font-size:18px;display:inline-block;\">\n\t<i class=\"icomoon-free-social-contact-16x16-clock\"><\/i>\n<\/div><\/div><\/div><\/div><div class=\"aio-icon-header\" ><h3 class=\"aio-icon-title ult-responsive\"  data-ultimate-target='#Info-box-wrap-1026 .aio-icon-title'  data-responsive-json-new='{\"font-size\":\"desktop:22px;\",\"line-height\":\"desktop:22px;\"}'  style=\"font-weight:bold;color:#08366d;\">Segunda a Sexta das 8h00 - 18h00<\/h3><\/div> <!-- header --><\/div> <!-- aio-icon-box --><\/div> <!-- aio-icon-component --><div class=\"aio-icon-component  vc_custom_1727891145475   style_1\"><div id=\"Info-box-wrap-3114\" class=\"aio-icon-box default-icon\" style=\"\"  ><div class=\"aio-icon-default\"><div class=\"ult-just-icon-wrapper  \"><div class=\"align-icon\" style=\"text-align:center;\">\n<div class=\"aio-icon advanced \"  style=\"color:#08366d;background:rgba(255,255,255,0.01);border-style:solid;border-color:#08366d;border-width:3px;width:34px;height:34px;line-height:34px;border-radius:500px;font-size:20px;display:inline-block;\">\n\t<i class=\"icomoon-free-social-contact-16x16-location\"><\/i>\n<\/div><\/div><\/div><\/div><div class=\"aio-icon-header\" ><h3 class=\"aio-icon-title ult-responsive\"  data-ultimate-target='#Info-box-wrap-3114 .aio-icon-title'  data-responsive-json-new='{\"font-size\":\"desktop:22px;\",\"line-height\":\"desktop:22px;\"}'  style=\"font-weight:bold;color:#08366d;\">R. Jo\u00e3o Arcadepani Filho, 231 - Sala 09 - Ribeir\u00e2nia, Ribeir\u00e3o Preto - SP<\/h3><\/div> <!-- header --><\/div> <!-- aio-icon-box --><\/div> <!-- aio-icon-component -->[\/vc_column][vc_column width=&#8221;3\/5&#8243;][vc_column_text css=&#8221;&#8221;]<\/p>\n<div class=\"wpb_text_column wpb_content_element vc_custom_1655481839699\">\n<div class=\"wpb_wrapper\">\n<p>Preencha o formul\u00e1rio abaixo.<\/p>\n<\/div>\n<\/div>\n<p>[\/vc_column_text]<form class=\"dt-contact-form dt-form\" method=\"post\"><input type=\"hidden\" name=\"widget_id\" value=\"presscore-contact-form-widget--1\" \/><input type=\"hidden\" name=\"send_message\" value=\"\" \/><input type=\"hidden\" name=\"security_token\" value=\"a0c58c9fa39c14658567\"\/><div class=\"form-fields\"><span class=\"form-name\"><label class=\"assistive-text\">Nome *<\/label><input type=\"text\" class=\"validate[required]\" placeholder=\"Nome *\" name=\"name\" value=\"\" aria-required=\"true\">\n<\/span><span class=\"form-mail\"><label class=\"assistive-text\">E-mail *<\/label><input type=\"text\" class=\"validate[required,custom[email]]\" placeholder=\"E-mail *\" name=\"email\" value=\"\" aria-required=\"true\">\n<\/span><\/div><span class=\"form-message\"><label class=\"assistive-text\">Mensagem *<\/label><textarea class=\"validate[required]\" placeholder=\"Mensagem *\" name=\"message\" rows=\"6\" aria-required=\"true\"><\/textarea>\n<\/span><p><a href=\"#\" class=\"dt-btn dt-btn-m dt-btn-submit\" rel=\"nofollow\"><span>Enviar<\/span><\/a><input class=\"assistive-text\" type=\"submit\" value=\"enviar\"><\/p><\/form>\n[\/vc_column][\/vc_row][vc_row][vc_column][vc_empty_space height=&#8221;42px&#8221;][\/vc_column][\/vc_row]<\/p>\n<\/div>","protected":false},"excerpt":{"rendered":"<p>[vc_row][vc_column][vc_column_text css=&#8221;&#8221;] A Lopes de Faria n\u00e3o p\u00e1ra no tempo \u2013 estamos em processo de constante moderniza\u00e7\u00e3o, nos mantendo sempre a par das melhores pr\u00e1ticas do mercado para agir de forma fiel \u00e0s reais necessidades dos nossos clientes. [\/vc_column_text][\/vc_column][\/vc_row][vc_row][vc_column width=&#8221;2\/5&#8243;][\/vc_column][vc_column width=&#8221;3\/5&#8243;][vc_column_text css=&#8221;&#8221;] Preencha o formul\u00e1rio abaixo. [\/vc_column_text][\/vc_column][\/vc_row][vc_row][vc_column][vc_empty_space height=&#8221;42px&#8221;][\/vc_column][\/vc_row]<\/p>\n","protected":false},"author":1,"featured_media":0,"parent":0,"menu_order":0,"comment_status":"closed","ping_status":"closed","template":"","meta":{"footnotes":""},"class_list":["post-1695","page","type-page","status-publish","hentry","description-off"],"_links":{"self":[{"href":"https:\/\/lopesf.cleit0n.opalstacked.com\/index.php?rest_route=\/wp\/v2\/pages\/1695","targetHints":{"allow":["GET"]}}],"collection":[{"href":"https:\/\/lopesf.cleit0n.opalstacked.com\/index.php?rest_route=\/wp\/v2\/pages"}],"about":[{"href":"https:\/\/lopesf.cleit0n.opalstacked.com\/index.php?rest_route=\/wp\/v2\/types\/page"}],"author":[{"embeddable":true,"href":"https:\/\/lopesf.cleit0n.opalstacked.com\/index.php?rest_route=\/wp\/v2\/users\/1"}],"replies":[{"embeddable":true,"href":"https:\/\/lopesf.cleit0n.opalstacked.com\/index.php?rest_route=%2Fwp%2Fv2%2Fcomments&post=1695"}],"version-history":[{"count":4,"href":"https:\/\/lopesf.cleit0n.opalstacked.com\/index.php?rest_route=\/wp\/v2\/pages\/1695\/revisions"}],"predecessor-version":[{"id":1700,"href":"https:\/\/lopesf.cleit0n.opalstacked.com\/index.php?rest_route=\/wp\/v2\/pages\/1695\/revisions\/1700"}],"wp:attachment":[{"href":"https:\/\/lopesf.cleit0n.opalstacked.com\/index.php?rest_route=%2Fwp%2Fv2%2Fmedia&parent=1695"}],"curies":[{"name":"wp","href":"https:\/\/api.w.org\/{rel}","templated":true}]}}